{"id":1131,"date":"2025-02-09T22:11:14","date_gmt":"2025-02-09T21:11:14","guid":{"rendered":"https:\/\/www.cefip.de\/de\/?page_id=1131"},"modified":"2025-07-20T23:08:40","modified_gmt":"2025-07-20T21:08:40","slug":"impressum","status":"publish","type":"page","link":"https:\/\/www.cefip.de\/de\/impressum\/","title":{"rendered":"Impressum"},"content":{"rendered":"<style>.kb-row-layout-id1131_0c9413-98 > .kt-row-column-wrap{align-content:start;}:where(.kb-row-layout-id1131_0c9413-98 > .kt-row-column-wrap) > .wp-block-kadence-column{justify-content:start;}.kb-row-layout-id1131_0c9413-98 > .kt-row-column-wrap{column-gap:var(--global-kb-gap-md, 2rem);row-gap:var(--global-kb-gap-md, 2rem);padding-top:150px;padding-right:25px;padding-bottom:0px;padding-left:25px;min-height:320px;grid-template-columns:minmax(0, 1fr);}.kb-row-layout-id1131_0c9413-98 > .kt-row-layout-overlay{opacity:1;background:linear-gradient(90deg, var(--global-palette1) 12%, var(--global-palette2) 100%);}.kb-row-layout-id1131_0c9413-98 .kt-row-layout-bottom-sep{height:100px;}.kb-row-layout-id1131_0c9413-98 .kt-row-layout-bottom-sep svg{width:100%;}.kb-row-layout-id1131_0c9413-98 .kt-row-layout-bottom-sep svg{fill:var(--global-palette9, #ffffff)!important;}@media all and (max-width: 1024px){.kb-row-layout-id1131_0c9413-98 > .kt-row-column-wrap{grid-template-columns:minmax(0, 1fr);}}@media all and (max-width: 1024px){.kb-row-layout-id1131_0c9413-98 .kt-row-layout-bottom-sep{height:px;}}@media all and (max-width: 1024px){.kb-row-layout-id1131_0c9413-98 .kt-row-layout-bottom-sep svg{width:%;}}@media all and (max-width: 767px){.kb-row-layout-id1131_0c9413-98 > .kt-row-column-wrap{grid-template-columns:minmax(0, 1fr);}.kb-row-layout-id1131_0c9413-98 .kt-row-layout-bottom-sep{height:px;}.kb-row-layout-id1131_0c9413-98 .kt-row-layout-bottom-sep svg{width:%;}}<\/style><div class=\"kb-row-layout-wrap kb-row-layout-id1131_0c9413-98 alignnone kt-row-has-bg wp-block-kadence-rowlayout\"><div class=\"kt-row-layout-overlay kt-row-overlay-gradient\"><\/div><div class=\"kt-row-layout-bottom-sep kt-row-sep-type-mtns\"><svg viewBox=\"0 0 1000 100\" preserveAspectRatio=\"none\"><path d=\"M1000,50l-182.69,-45.286l-292.031,61.197l-190.875,-41.075l-143.748,28.794l-190.656,-23.63l0,70l1000,0l0,-50Z\" style=\"opacity: 0.4\" \/><path d=\"M1000,57l-152.781,-22.589l-214.383,19.81l-159.318,-21.471l-177.44,25.875l-192.722,5.627l-103.356,-27.275l0,63.023l1000,0l0,-43Z\" \/><\/svg><\/div><div class=\"kt-row-column-wrap kt-has-1-columns kt-row-layout-equal kt-tab-layout-inherit kt-mobile-layout-row kt-row-valign-top\">\n<style>.kadence-column1131_6b4c95-3e > .kt-inside-inner-col,.kadence-column1131_6b4c95-3e > .kt-inside-inner-col:before{border-top-left-radius:0px;border-top-right-radius:0px;border-bottom-right-radius:0px;border-bottom-left-radius:0px;}.kadence-column1131_6b4c95-3e > .kt-inside-inner-col{column-gap:var(--global-kb-gap-sm, 1rem);}.kadence-column1131_6b4c95-3e > .kt-inside-inner-col{flex-direction:column;}.kadence-column1131_6b4c95-3e > .kt-inside-inner-col > .aligncenter{width:100%;}.kadence-column1131_6b4c95-3e > .kt-inside-inner-col:before{opacity:0.3;}.kadence-column1131_6b4c95-3e{position:relative;}@media all and (max-width: 1024px){.kadence-column1131_6b4c95-3e > .kt-inside-inner-col{flex-direction:column;justify-content:center;}}@media all and (max-width: 767px){.kadence-column1131_6b4c95-3e > .kt-inside-inner-col{flex-direction:column;justify-content:center;}}<\/style>\n<div class=\"wp-block-kadence-column kadence-column1131_6b4c95-3e inner-column-1\"><div class=\"kt-inside-inner-col\"><style>.wp-block-kadence-advancedheading.kt-adv-heading1131_e91635-b6, .wp-block-kadence-advancedheading.kt-adv-heading1131_e91635-b6[data-kb-block=\"kb-adv-heading1131_e91635-b6\"]{text-align:center;font-size:60px;font-weight:normal;font-style:normal;color:#ffffff;text-shadow:1px 1px 1px rgba(0, 0, 0, 0.2);}.wp-block-kadence-advancedheading.kt-adv-heading1131_e91635-b6 mark.kt-highlight, .wp-block-kadence-advancedheading.kt-adv-heading1131_e91635-b6[data-kb-block=\"kb-adv-heading1131_e91635-b6\"] mark.kt-highlight{font-weight:normal;font-style:normal;color:#f76a0c;-webkit-box-decoration-break:clone;box-decoration-break:clone;padding-top:0px;padding-right:0px;padding-bottom:0px;padding-left:0px;}@media all and (max-width: 1024px){.wp-block-kadence-advancedheading.kt-adv-heading1131_e91635-b6, .wp-block-kadence-advancedheading.kt-adv-heading1131_e91635-b6[data-kb-block=\"kb-adv-heading1131_e91635-b6\"]{text-shadow:1px 1px 1px rgba(0, 0, 0, 0.2);font-size:50px;}}@media all and (max-width: 767px){.wp-block-kadence-advancedheading.kt-adv-heading1131_e91635-b6, .wp-block-kadence-advancedheading.kt-adv-heading1131_e91635-b6[data-kb-block=\"kb-adv-heading1131_e91635-b6\"]{text-shadow:1px 1px 1px rgba(0, 0, 0, 0.2);font-size:40px;}}<\/style>\n<h1 class=\"kt-adv-heading1131_e91635-b6 wp-block-kadence-advancedheading\" data-kb-block=\"kb-adv-heading1131_e91635-b6\">Impressum<\/h1>\n\n\n\n<p><\/p>\n\n\n<style>.kadence-column1131_00e61a-5d > .kt-inside-inner-col,.kadence-column1131_00e61a-5d > .kt-inside-inner-col:before{border-top-left-radius:0px;border-top-right-radius:0px;border-bottom-right-radius:0px;border-bottom-left-radius:0px;}.kadence-column1131_00e61a-5d > .kt-inside-inner-col{column-gap:var(--global-kb-gap-sm, 1rem);}.kadence-column1131_00e61a-5d > .kt-inside-inner-col{flex-direction:column;}.kadence-column1131_00e61a-5d > .kt-inside-inner-col > .aligncenter{width:100%;}.kadence-column1131_00e61a-5d > .kt-inside-inner-col:before{opacity:0.3;}.kadence-column1131_00e61a-5d{position:relative;}@media all and (max-width: 1024px){.kadence-column1131_00e61a-5d > .kt-inside-inner-col{flex-direction:column;justify-content:center;}}@media all and (max-width: 767px){.kadence-column1131_00e61a-5d > .kt-inside-inner-col{flex-direction:column;justify-content:center;}}<\/style>\n<div class=\"wp-block-kadence-column kadence-column1131_00e61a-5d\"><div class=\"kt-inside-inner-col\"><style>.kadence-column1131_94e6d0-f1 > .kt-inside-inner-col,.kadence-column1131_94e6d0-f1 > .kt-inside-inner-col:before{border-top-left-radius:0px;border-top-right-radius:0px;border-bottom-right-radius:0px;border-bottom-left-radius:0px;}.kadence-column1131_94e6d0-f1 > .kt-inside-inner-col{column-gap:var(--global-kb-gap-sm, 1rem);}.kadence-column1131_94e6d0-f1 > .kt-inside-inner-col{flex-direction:column;}.kadence-column1131_94e6d0-f1 > .kt-inside-inner-col > .aligncenter{width:100%;}.kadence-column1131_94e6d0-f1 > .kt-inside-inner-col:before{opacity:0.3;}.kadence-column1131_94e6d0-f1{position:relative;}@media all and (max-width: 1024px){.kadence-column1131_94e6d0-f1 > .kt-inside-inner-col{flex-direction:column;justify-content:center;}}@media all and (max-width: 767px){.kadence-column1131_94e6d0-f1 > .kt-inside-inner-col{flex-direction:column;justify-content:center;}}<\/style>\n<div class=\"wp-block-kadence-column kadence-column1131_94e6d0-f1\"><div class=\"kt-inside-inner-col\"><\/div><\/div>\n<\/div><\/div>\n<\/div><\/div>\n\n<\/div><\/div>\n\n\n<div id=\"wp-block-themeisle-blocks-advanced-columns-40db0924\" class=\"wp-block-themeisle-blocks-advanced-columns alignfull has-2-columns has-desktop-equal-layout has-tablet-equal-layout has-mobile-collapsedRows-layout has-vertical-top ticss-c00aadba\"><div class=\"wp-block-themeisle-blocks-advanced-columns-overlay\"><\/div><div class=\"innerblocks-wrap\">\n<div id=\"wp-block-themeisle-blocks-advanced-column-006aede9\" class=\"wp-block-themeisle-blocks-advanced-column\">\n<h5 id=\"wp-block-themeisle-blocks-advanced-heading-8e35b90f\" class=\"wp-block-themeisle-blocks-advanced-heading wp-block-themeisle-blocks-advanced-heading-8e35b90f\">Angaben gem\u00e4\u00df \u00a7 5 TMG<\/h5>\n\n\n\n<p>CEFIP GmbH<br>Committed to your manufacturing success<\/p>\n\n\n<style>.wp-block-kadence-advancedheading.kt-adv-heading1131_66e7bf-a5, .wp-block-kadence-advancedheading.kt-adv-heading1131_66e7bf-a5[data-kb-block=\"kb-adv-heading1131_66e7bf-a5\"]{font-style:normal;border-top:0px solid transparent;border-right:0px solid transparent;border-bottom:0px solid transparent;border-left:0px solid transparent;border-top-left-radius:-10px;}.wp-block-kadence-advancedheading.kt-adv-heading1131_66e7bf-a5 mark.kt-highlight, .wp-block-kadence-advancedheading.kt-adv-heading1131_66e7bf-a5[data-kb-block=\"kb-adv-heading1131_66e7bf-a5\"] mark.kt-highlight{font-style:normal;color:#f76a0c;-webkit-box-decoration-break:clone;box-decoration-break:clone;padding-top:0px;padding-right:0px;padding-bottom:0px;padding-left:0px;}@media all and (max-width: 1024px){.wp-block-kadence-advancedheading.kt-adv-heading1131_66e7bf-a5, .wp-block-kadence-advancedheading.kt-adv-heading1131_66e7bf-a5[data-kb-block=\"kb-adv-heading1131_66e7bf-a5\"]{border-top:0px solid transparent;border-right:0px solid transparent;border-bottom:0px solid transparent;border-left:0px solid transparent;}}@media all and (max-width: 767px){.wp-block-kadence-advancedheading.kt-adv-heading1131_66e7bf-a5, .wp-block-kadence-advancedheading.kt-adv-heading1131_66e7bf-a5[data-kb-block=\"kb-adv-heading1131_66e7bf-a5\"]{border-top:0px solid transparent;border-right:0px solid transparent;border-bottom:0px solid transparent;border-left:0px solid transparent;}}<\/style>\n<h5 class=\"kt-adv-heading1131_66e7bf-a5 wp-block-kadence-advancedheading\" data-kb-block=\"kb-adv-heading1131_66e7bf-a5\">Kontakt<\/h5>\n\n\n\n<div id=\"wp-block-themeisle-blocks-icon-list-dfc1fb3a\" class=\"wp-block-themeisle-blocks-icon-list\">\n<div id=\"wp-block-themeisle-blocks-icon-list-item-e6a57e87\" class=\"wp-block-themeisle-blocks-icon-list-item\"><i class=\"fas fa-phone wp-block-themeisle-blocks-icon-list-item-icon\"><\/i><p class=\"wp-block-themeisle-blocks-icon-list-item-content\">+49 209 730861-0<\/p><\/div>\n\n\n\n<div id=\"wp-block-themeisle-blocks-icon-list-item-648b3a6e\" class=\"wp-block-themeisle-blocks-icon-list-item\"><i class=\"far fa-envelope wp-block-themeisle-blocks-icon-list-item-icon\"><\/i><p class=\"wp-block-themeisle-blocks-icon-list-item-content\">contact@cefip.de<\/p><\/div>\n\n\n\n<div id=\"wp-block-themeisle-blocks-icon-list-item-d4eec3f8\" class=\"wp-block-themeisle-blocks-icon-list-item\"><i class=\"fas fa-map-marker-alt wp-block-themeisle-blocks-icon-list-item-icon\"><\/i><p class=\"wp-block-themeisle-blocks-icon-list-item-content\">Hamburger Str. 7, 45889 Gelsenkirchen<\/p><\/div>\n<\/div>\n\n\n\n<h5 class=\"wp-block-heading alignwide\">Vertreten durch<\/h5>\n\n\n\n<p>Dipl.-Ing., Dipl.-Wirt.-Ing. Necdet \u00d6zcan<\/p>\n\n\n\n<h5 class=\"wp-block-heading alignwide\">Registereintrag<\/h5>\n\n\n\n<p>Eintragung im Handelsregister<br>Registernummer: HRB9925<br>Registergericht: Bochum<\/p>\n\n\n\n<h5 class=\"wp-block-heading alignwide\">Umsatzsteuer-ID<\/h5>\n\n\n\n<p>Umsatzsteuer-Identifikationsnummer gem\u00e4\u00df \u00a727 a Umsatzsteuergesetz<br>DE 170221764<\/p>\n<\/div>\n\n\n\n<div id=\"wp-block-themeisle-blocks-advanced-column-ee3078f9\" class=\"wp-block-themeisle-blocks-advanced-column\">\n<h5 class=\"wp-block-heading alignwide\">Haftungsausschluss<\/h5>\n\n\n\n<p>Haftung f\u00fcr Inhalte<br>Die Inhalte unserer Seiten wurden mit gr\u00f6\u00dfter Sorgfalt erstellt. F\u00fcr die Richtigkeit, Vollst\u00e4ndigkeit und Aktualit\u00e4t der Inhalte k\u00f6nnen wir jedoch keine Gew\u00e4hr \u00fcbernehmen. Als Diensteanbieter sind wir gem\u00e4\u00df \u00a7 7 Abs.1 TMG f\u00fcr eigene Inhalte auf diesen Seiten nach den allgemeinen Gesetzen verantwortlich. Nach \u00a7\u00a7 8 bis 10 TMG sind wir als Diensteanbieter jedoch nicht verpflichtet, \u00fcbermittelte oder gespeicherte fremde Informationen zu \u00fcberwachen oder nach Umst\u00e4nden zu forschen, die auf eine rechtswidrige T\u00e4tigkeit hinweisen. Verpflichtungen zur Entfernung oder Sperrung der Nutzung von Informationen nach den allgemeinen Gesetzen bleiben hiervon unber\u00fchrt. Eine diesbez\u00fcgliche Haftung ist jedoch erst ab dem Zeitpunkt der Kenntnis einer konkreten Rechtsverletzung m\u00f6glich. Bei Bekanntwerden von entsprechenden Rechtsverletzungen werden wir diese Inhalte umgehend entfernen.<\/p>\n\n\n\n<p>Haftung f\u00fcr Links<br>Unser Angebot enth\u00e4lt Links zu externen Webseiten Dritter, auf deren Inhalte wir keinen Einfluss haben. Deshalb k\u00f6nnen wir f\u00fcr diese fremden Inhalte auch keine Gew\u00e4hr \u00fcbernehmen. F\u00fcr die Inhalte der verlinkten Seiten ist stets der jeweilige Anbieter oder Betreiber der Seiten verantwortlich. Die verlinkten Seiten wurden zum Zeitpunkt der Verlinkung auf m\u00f6gliche Rechtsverst\u00f6\u00dfe \u00fcberpr\u00fcft. Rechtswidrige Inhalte waren zum Zeitpunkt der Verlinkung nicht erkennbar. Eine permanente inhaltliche Kontrolle der verlinkten Seiten ist jedoch ohne konkrete Anhaltspunkte einer Rechtsverletzung nicht zumutbar. Bei Bekanntwerden von Rechtsverletzungen werden wir derartige Links umgehend entfernen.<\/p>\n\n\n\n<p>Urheberrecht<br>Die durch die Seitenbetreiber erstellten bzw. verwendeten Inhalte und Werke auf diesen Seiten unterliegen dem deutschen Urheberrecht. Die Vervielf\u00e4ltigung, Bearbeitung, Verbreitung und jede Art der Verwertung au\u00dferhalb der Grenzen des Urheberrechtes bed\u00fcrfen der Zustimmung des jeweiligen Autors bzw. Erstellers. Downloads und Kopien dieser Seite sind nur f\u00fcr den privaten, nicht kommerziellen Gebrauch gestattet. Soweit die Inhalte auf dieser Seite nicht vom Betreiber erstellt wurden, werden die Urheberrechte Dritter beachtet. Insbesondere werden Inhalte Dritter als solche gekennzeichnet. Sollten Sie trotzdem auf eine Urheberrechtsverletzung aufmerksam werden, bitten wir um einen entsprechenden Hinweis. Bei Bekanntwerden von Rechtsverletzungen werden wir derartige Inhalte umgehend entfernen.<\/p>\n<\/div>\n<\/div><\/div>\n\n\n<style>.kb-row-layout-id1131_a9d5f6-3c > .kt-row-column-wrap{align-content:start;}:where(.kb-row-layout-id1131_a9d5f6-3c > .kt-row-column-wrap) > .wp-block-kadence-column{justify-content:start;}.kb-row-layout-id1131_a9d5f6-3c > .kt-row-column-wrap{column-gap:var(--global-kb-gap-md, 2rem);row-gap:var(--global-kb-gap-md, 2rem);padding-top:var(--global-kb-spacing-sm, 1.5rem);padding-bottom:var(--global-kb-spacing-sm, 1.5rem);grid-template-columns:minmax(0, 1fr);}.kb-row-layout-id1131_a9d5f6-3c > .kt-row-layout-overlay{opacity:0.30;}@media all and (max-width: 1024px){.kb-row-layout-id1131_a9d5f6-3c > .kt-row-column-wrap{grid-template-columns:minmax(0, 1fr);}}@media all and (max-width: 767px){.kb-row-layout-id1131_a9d5f6-3c > .kt-row-column-wrap{grid-template-columns:minmax(0, 1fr);}}<\/style><div class=\"kb-row-layout-wrap kb-row-layout-id1131_a9d5f6-3c alignnone wp-block-kadence-rowlayout\"><div class=\"kt-row-column-wrap kt-has-1-columns kt-row-layout-equal kt-tab-layout-inherit kt-mobile-layout-row kt-row-valign-top\">\n<style>.kadence-column1131_ce812b-fd > .kt-inside-inner-col,.kadence-column1131_ce812b-fd > .kt-inside-inner-col:before{border-top-left-radius:0px;border-top-right-radius:0px;border-bottom-right-radius:0px;border-bottom-left-radius:0px;}.kadence-column1131_ce812b-fd > .kt-inside-inner-col{column-gap:var(--global-kb-gap-sm, 1rem);}.kadence-column1131_ce812b-fd > .kt-inside-inner-col{flex-direction:column;}.kadence-column1131_ce812b-fd > .kt-inside-inner-col > .aligncenter{width:100%;}.kadence-column1131_ce812b-fd > .kt-inside-inner-col:before{opacity:0.3;}.kadence-column1131_ce812b-fd{position:relative;}@media all and (max-width: 1024px){.kadence-column1131_ce812b-fd > .kt-inside-inner-col{flex-direction:column;justify-content:center;}}@media all and (max-width: 767px){.kadence-column1131_ce812b-fd > .kt-inside-inner-col{flex-direction:column;justify-content:center;}}<\/style>\n<div class=\"wp-block-kadence-column kadence-column1131_ce812b-fd\"><div class=\"kt-inside-inner-col\">\n<div id=\"wp-block-themeisle-blocks-advanced-columns-3c2f0c43\" class=\"wp-block-themeisle-blocks-advanced-columns has-1-columns has-desktop-equal-layout has-tablet-equal-layout has-mobile-equal-layout has-vertical-unset\"><div class=\"wp-block-themeisle-blocks-advanced-columns-overlay\"><\/div><div class=\"innerblocks-wrap\">\n<div id=\"wp-block-themeisle-blocks-advanced-column-c82c1db8\" class=\"wp-block-themeisle-blocks-advanced-column\"><\/div>\n<\/div><\/div>\n<\/div><\/div>\n\n<\/div><\/div>","protected":false},"excerpt":{"rendered":"<p>Impressum<\/p>\n","protected":false},"author":1,"featured_media":0,"parent":0,"menu_order":0,"comment_status":"closed","ping_status":"closed","template":"","meta":{"_themeisle_gutenberg_block_has_review":false,"_kadence_starter_templates_imported_post":false,"_kad_post_transparent":"enable","_kad_post_title":"hide","_kad_post_layout":"","_kad_post_sidebar_id":"","_kad_post_content_style":"","_kad_post_vertical_padding":"top","_kad_post_feature":"hide","_kad_post_feature_position":"","_kad_post_header":false,"_kad_post_footer":false,"footnotes":""},"class_list":["post-1131","page","type-page","status-publish","hentry"],"_links":{"self":[{"href":"https:\/\/www.cefip.de\/de\/wp-json\/wp\/v2\/pages\/1131","targetHints":{"allow":["GET"]}}],"collection":[{"href":"https:\/\/www.cefip.de\/de\/wp-json\/wp\/v2\/pages"}],"about":[{"href":"https:\/\/www.cefip.de\/de\/wp-json\/wp\/v2\/types\/page"}],"author":[{"embeddable":true,"href":"https:\/\/www.cefip.de\/de\/wp-json\/wp\/v2\/users\/1"}],"replies":[{"embeddable":true,"href":"https:\/\/www.cefip.de\/de\/wp-json\/wp\/v2\/comments?post=1131"}],"version-history":[{"count":15,"href":"https:\/\/www.cefip.de\/de\/wp-json\/wp\/v2\/pages\/1131\/revisions"}],"predecessor-version":[{"id":1494,"href":"https:\/\/www.cefip.de\/de\/wp-json\/wp\/v2\/pages\/1131\/revisions\/1494"}],"wp:attachment":[{"href":"https:\/\/www.cefip.de\/de\/wp-json\/wp\/v2\/media?parent=1131"}],"curies":[{"name":"wp","href":"https:\/\/api.w.org\/{rel}","templated":true}]}}