{"id":259,"date":"2020-05-14T19:56:58","date_gmt":"2020-05-14T19:56:58","guid":{"rendered":"https:\/\/demos.kadencewp.com\/blocks-saas\/?page_id=259"},"modified":"2025-02-09T23:53:14","modified_gmt":"2025-02-09T22:53:14","slug":"about","status":"publish","type":"page","link":"https:\/\/www.cefip.de\/de\/about\/","title":{"rendered":"Unternehmen"},"content":{"rendered":"<style>.kb-row-layout-id259_111b53-40 > .kt-row-column-wrap{align-content:start;}:where(.kb-row-layout-id259_111b53-40 > .kt-row-column-wrap) > .wp-block-kadence-column{justify-content:start;}.kb-row-layout-id259_111b53-40 > .kt-row-column-wrap{column-gap:var(--global-kb-gap-md, 2rem);row-gap:var(--global-kb-gap-md, 2rem);padding-top:120px;padding-right:25px;padding-bottom:120px;padding-left:25px;min-height:500px;grid-template-columns:minmax(0, 1fr);}.kb-row-layout-id259_111b53-40 > .kt-row-layout-overlay{opacity:1;background:linear-gradient(90deg, var(--global-palette1) 12%, var(--global-palette2) 100%);}.kb-row-layout-id259_111b53-40 .kt-row-layout-bottom-sep{height:100px;}.kb-row-layout-id259_111b53-40 .kt-row-layout-bottom-sep svg{width:100%;}.kb-row-layout-id259_111b53-40 .kt-row-layout-bottom-sep svg{fill:var(--global-palette9, #ffffff)!important;}@media all and (max-width: 1024px){.kb-row-layout-id259_111b53-40 > .kt-row-column-wrap{grid-template-columns:minmax(0, 1fr);}}@media all and (max-width: 1024px){.kb-row-layout-id259_111b53-40 .kt-row-layout-bottom-sep{height:px;}}@media all and (max-width: 1024px){.kb-row-layout-id259_111b53-40 .kt-row-layout-bottom-sep svg{width:%;}}@media all and (max-width: 767px){.kb-row-layout-id259_111b53-40 > .kt-row-column-wrap{grid-template-columns:minmax(0, 1fr);}.kb-row-layout-id259_111b53-40 .kt-row-layout-bottom-sep{height:px;}.kb-row-layout-id259_111b53-40 .kt-row-layout-bottom-sep svg{width:%;}}<\/style><div class=\"kb-row-layout-wrap kb-row-layout-id259_111b53-40 alignnone kt-row-has-bg wp-block-kadence-rowlayout\"><div class=\"kt-row-layout-overlay kt-row-overlay-gradient\"><\/div><div class=\"kt-row-layout-bottom-sep kt-row-sep-type-mtns\"><svg viewBox=\"0 0 1000 100\" preserveAspectRatio=\"none\"><path d=\"M1000,50l-182.69,-45.286l-292.031,61.197l-190.875,-41.075l-143.748,28.794l-190.656,-23.63l0,70l1000,0l0,-50Z\" style=\"opacity: 0.4\" \/><path d=\"M1000,57l-152.781,-22.589l-214.383,19.81l-159.318,-21.471l-177.44,25.875l-192.722,5.627l-103.356,-27.275l0,63.023l1000,0l0,-43Z\" \/><\/svg><\/div><div class=\"kt-row-column-wrap kt-has-1-columns kt-row-layout-equal kt-tab-layout-inherit kt-mobile-layout-row kt-row-valign-top\">\n<style>.kadence-column259_46d55c-c2 > .kt-inside-inner-col,.kadence-column259_46d55c-c2 > .kt-inside-inner-col:before{border-top-left-radius:0px;border-top-right-radius:0px;border-bottom-right-radius:0px;border-bottom-left-radius:0px;}.kadence-column259_46d55c-c2 > .kt-inside-inner-col{column-gap:var(--global-kb-gap-sm, 1rem);}.kadence-column259_46d55c-c2 > .kt-inside-inner-col{flex-direction:column;}.kadence-column259_46d55c-c2 > .kt-inside-inner-col > .aligncenter{width:100%;}.kadence-column259_46d55c-c2 > .kt-inside-inner-col:before{opacity:0.3;}.kadence-column259_46d55c-c2{position:relative;}@media all and (max-width: 1024px){.kadence-column259_46d55c-c2 > .kt-inside-inner-col{flex-direction:column;justify-content:center;}}@media all and (max-width: 767px){.kadence-column259_46d55c-c2 > .kt-inside-inner-col{flex-direction:column;justify-content:center;}}<\/style>\n<div class=\"wp-block-kadence-column kadence-column259_46d55c-c2 inner-column-1\"><div class=\"kt-inside-inner-col\"><style>.wp-block-kadence-advancedheading.kt-adv-heading259_9e1af5-c6, .wp-block-kadence-advancedheading.kt-adv-heading259_9e1af5-c6[data-kb-block=\"kb-adv-heading259_9e1af5-c6\"]{text-align:center;font-size:60px;font-weight:normal;font-style:normal;color:#ffffff;text-shadow:1px 1px 1px rgba(0, 0, 0, 0.2);}.wp-block-kadence-advancedheading.kt-adv-heading259_9e1af5-c6 mark.kt-highlight, .wp-block-kadence-advancedheading.kt-adv-heading259_9e1af5-c6[data-kb-block=\"kb-adv-heading259_9e1af5-c6\"] mark.kt-highlight{font-weight:normal;font-style:normal;color:#f76a0c;-webkit-box-decoration-break:clone;box-decoration-break:clone;padding-top:0px;padding-right:0px;padding-bottom:0px;padding-left:0px;}@media all and (max-width: 1024px){.wp-block-kadence-advancedheading.kt-adv-heading259_9e1af5-c6, .wp-block-kadence-advancedheading.kt-adv-heading259_9e1af5-c6[data-kb-block=\"kb-adv-heading259_9e1af5-c6\"]{text-shadow:1px 1px 1px rgba(0, 0, 0, 0.2);font-size:50px;}}@media all and (max-width: 767px){.wp-block-kadence-advancedheading.kt-adv-heading259_9e1af5-c6, .wp-block-kadence-advancedheading.kt-adv-heading259_9e1af5-c6[data-kb-block=\"kb-adv-heading259_9e1af5-c6\"]{text-shadow:1px 1px 1px rgba(0, 0, 0, 0.2);font-size:40px;}}<\/style>\n<h1 class=\"kt-adv-heading259_9e1af5-c6 wp-block-kadence-advancedheading\" data-kb-block=\"kb-adv-heading259_9e1af5-c6\">Unternehmen<\/h1>\n<\/div><\/div>\n\n<\/div><\/div>\n\n<style>.kb-row-layout-wrap.wp-block-kadence-rowlayout.kb-row-layout-id259_90b5ce-7c{margin-top:-200px;}.kb-row-layout-id259_90b5ce-7c > .kt-row-column-wrap{align-content:start;}:where(.kb-row-layout-id259_90b5ce-7c > .kt-row-column-wrap) > .wp-block-kadence-column{justify-content:start;}.kb-row-layout-id259_90b5ce-7c > .kt-row-column-wrap{column-gap:var(--global-kb-gap-md, 2rem);row-gap:var(--global-kb-gap-md, 2rem);max-width:1000px;margin-left:auto;margin-right:auto;padding-top:60px;padding-right:25px;padding-bottom:0px;padding-left:25px;grid-template-columns:minmax(0, 1fr);}.kb-row-layout-id259_90b5ce-7c > .kt-row-layout-overlay{opacity:0.30;}@media all and (max-width: 1024px){.kb-row-layout-id259_90b5ce-7c > .kt-row-column-wrap{grid-template-columns:minmax(0, 1fr);}}@media all and (max-width: 767px){.kb-row-layout-id259_90b5ce-7c > .kt-row-column-wrap{grid-template-columns:minmax(0, 1fr);}}<\/style><div class=\"kb-row-layout-wrap kb-row-layout-id259_90b5ce-7c alignnone wp-block-kadence-rowlayout\"><div class=\"kt-row-column-wrap kt-has-1-columns kt-row-layout-equal kt-tab-layout-inherit kt-mobile-layout-row kt-row-valign-top\">\n<style>.kadence-column259_361b3c-24 > .kt-inside-inner-col{display:flex;}.kadence-column259_361b3c-24 > .kt-inside-inner-col{padding-top:50px;padding-right:40px;padding-bottom:30px;padding-left:40px;}.kadence-column259_361b3c-24 > .kt-inside-inner-col{box-shadow:0px -60px 30px 0px rgba(0, 0, 0, 0.07);}.kadence-column259_361b3c-24 > .kt-inside-inner-col,.kadence-column259_361b3c-24 > .kt-inside-inner-col:before{border-top-left-radius:10px;border-top-right-radius:10px;border-bottom-right-radius:10px;border-bottom-left-radius:10px;}.kadence-column259_361b3c-24 > .kt-inside-inner-col{column-gap:var(--global-kb-gap-sm, 1rem);}.kadence-column259_361b3c-24 > .kt-inside-inner-col{flex-direction:column;}.kadence-column259_361b3c-24 > .kt-inside-inner-col > .aligncenter{width:100%;}.kadence-column259_361b3c-24 > .kt-inside-inner-col{background-color:var(--global-palette9, #ffffff);}.kadence-column259_361b3c-24 > .kt-inside-inner-col:before{opacity:0.3;}.kadence-column259_361b3c-24{position:relative;}.kadence-column259_361b3c-24, .kt-inside-inner-col > .kadence-column259_361b3c-24:not(.specificity){margin-top:-50px;}@media all and (max-width: 1024px){.kadence-column259_361b3c-24 > .kt-inside-inner-col{flex-direction:column;justify-content:center;}}@media all and (max-width: 767px){.kadence-column259_361b3c-24 > .kt-inside-inner-col{flex-direction:column;justify-content:center;}}<\/style>\n<div class=\"wp-block-kadence-column kadence-column259_361b3c-24\"><div class=\"kt-inside-inner-col\">\n<h2 class=\"wp-block-heading has-36-font-size\">Vision: Lieferant f\u00fcr Fertigungsexzellenz in Schwellenm\u00e4rkten<\/h2>\n\n\n\n<p style=\"font-size:20px\">Als bevorzugter Partner f\u00fcr fortgeschrittene Technologien wollen wir Kunden in aufstrebenden M\u00e4rkten dabei unterst\u00fctzen, ausgezeichnete Fertigungsqualit\u00e4t zu erreichen.<\/p>\n\n\n\n<h2 class=\"wp-block-heading has--font-size\">Mission: Zugang zu fortschrittlicher Technologie<\/h2>\n\n\n\n<p style=\"font-size:20px\"><br>Unsere Mission ist deshalb klar: Mit den Kernkompetenzen im Engineering, Export und Service verstehen wir uns als technisches Vertriebsunternehmen, das seinen Kunden unabh\u00e4ngig von globalen Einschr\u00e4nkungen fortgeschrittene Technologien und L\u00f6sungen auch auf ausl\u00e4ndischen M\u00e4rkten verf\u00fcgbar macht. Im Umkehrschluss erm\u00f6glichen wir unseren Kooperationspartnern eine deutliche Vertriebsaufwertung durch direkte Marktpr\u00e4senz.<\/p>\n<\/div><\/div>\n\n<\/div><\/div>\n\n<style>.kb-row-layout-id259_0c4547-93 > .kt-row-column-wrap{align-content:start;}:where(.kb-row-layout-id259_0c4547-93 > .kt-row-column-wrap) > .wp-block-kadence-column{justify-content:start;}.kb-row-layout-id259_0c4547-93 > .kt-row-column-wrap{column-gap:var(--global-kb-gap-md, 2rem);row-gap:var(--global-kb-gap-md, 2rem);max-width:922px;margin-left:auto;margin-right:auto;padding-top:0px;padding-right:25px;padding-bottom:80px;padding-left:25px;grid-template-columns:minmax(0, 1fr);}.kb-row-layout-id259_0c4547-93 > .kt-row-layout-overlay{opacity:0.30;}@media all and (max-width: 1024px){.kb-row-layout-id259_0c4547-93 > .kt-row-column-wrap{grid-template-columns:minmax(0, 1fr);}}@media all and (max-width: 767px){.kb-row-layout-id259_0c4547-93 > .kt-row-column-wrap{grid-template-columns:minmax(0, 1fr);}}<\/style><div class=\"kb-row-layout-wrap kb-row-layout-id259_0c4547-93 alignnone has-theme-palette9-background-color kt-row-has-bg wp-block-kadence-rowlayout\"><div class=\"kt-row-column-wrap kt-has-1-columns kt-row-layout-equal kt-tab-layout-inherit kt-mobile-layout-row kt-row-valign-top\">\n<style>.kadence-column259_4eeaf8-39 > .kt-inside-inner-col,.kadence-column259_4eeaf8-39 > .kt-inside-inner-col:before{border-top-left-radius:0px;border-top-right-radius:0px;border-bottom-right-radius:0px;border-bottom-left-radius:0px;}.kadence-column259_4eeaf8-39 > .kt-inside-inner-col{column-gap:var(--global-kb-gap-sm, 1rem);}.kadence-column259_4eeaf8-39 > .kt-inside-inner-col{flex-direction:column;}.kadence-column259_4eeaf8-39 > .kt-inside-inner-col > .aligncenter{width:100%;}.kadence-column259_4eeaf8-39 > .kt-inside-inner-col:before{opacity:0.3;}.kadence-column259_4eeaf8-39{position:relative;}@media all and (max-width: 1024px){.kadence-column259_4eeaf8-39 > .kt-inside-inner-col{flex-direction:column;justify-content:center;}}@media all and (max-width: 767px){.kadence-column259_4eeaf8-39 > .kt-inside-inner-col{flex-direction:column;justify-content:center;}}<\/style>\n<div class=\"wp-block-kadence-column kadence-column259_4eeaf8-39\"><div class=\"kt-inside-inner-col\">\n<div id=\"wp-block-themeisle-blocks-accordion-80b5da64\" class=\"wp-block-themeisle-blocks-accordion exclusive\">\n<details class=\"wp-block-themeisle-blocks-accordion-item\"><summary class=\"wp-block-themeisle-blocks-accordion-item__title\"><div>Kooperation<\/div><\/summary><div class=\"wp-block-themeisle-blocks-accordion-item__content\">\n<p>Unsere Kunden, unsere Partner und wir: Das sind die Akteure unserer erfolgreich abgeschlossenen Projekte. Dabei ist die Kooperation die Basis unserer Erfolge.<\/p>\n<\/div><\/details>\n\n\n\n<details class=\"wp-block-themeisle-blocks-accordion-item\"><summary class=\"wp-block-themeisle-blocks-accordion-item__title\"><div>Engagement<\/div><\/summary><div class=\"wp-block-themeisle-blocks-accordion-item__content\">\n<p>Weil wir aus Leidenschaft unsere Kunden in ihren technischen Herausforderungen unterst\u00fctzen steckt hinter jedem Auftrag unsere volle Einsatzbereitschaft.<\/p>\n<\/div><\/details>\n\n\n\n<details class=\"wp-block-themeisle-blocks-accordion-item\"><summary class=\"wp-block-themeisle-blocks-accordion-item__title\"><div>Leistung<\/div><\/summary><div class=\"wp-block-themeisle-blocks-accordion-item__content\">\n<p>Die Weiterentwicklung unserer Prozesse, Know-How und Mitarbeiter hat das Ziel exzellente Ergebnisse zu liefern \u2013 sie beschr\u00e4nkt sich nicht nur auf das was wir unseren Kunden versprechen.<\/p>\n<\/div><\/details>\n<\/div>\n<\/div><\/div>\n\n\n<style>.kadence-column259_d67a78-c1 > .kt-inside-inner-col,.kadence-column259_d67a78-c1 > .kt-inside-inner-col:before{border-top-left-radius:0px;border-top-right-radius:0px;border-bottom-right-radius:0px;border-bottom-left-radius:0px;}.kadence-column259_d67a78-c1 > .kt-inside-inner-col{column-gap:var(--global-kb-gap-sm, 1rem);}.kadence-column259_d67a78-c1 > .kt-inside-inner-col{flex-direction:column;}.kadence-column259_d67a78-c1 > .kt-inside-inner-col > .aligncenter{width:100%;}.kadence-column259_d67a78-c1 > .kt-inside-inner-col:before{opacity:0.3;}.kadence-column259_d67a78-c1{position:relative;}@media all and (max-width: 1024px){.kadence-column259_d67a78-c1 > .kt-inside-inner-col{flex-direction:column;justify-content:center;}}@media all and (max-width: 767px){.kadence-column259_d67a78-c1 > .kt-inside-inner-col{flex-direction:column;justify-content:center;}}<\/style>\n<div class=\"wp-block-kadence-column kadence-column259_d67a78-c1\"><div class=\"kt-inside-inner-col\"><\/div><\/div>\n\n<\/div><\/div>\n\n<style>.kb-row-layout-id259_db7573-df > .kt-row-column-wrap{align-content:start;}:where(.kb-row-layout-id259_db7573-df > .kt-row-column-wrap) > .wp-block-kadence-column{justify-content:start;}.kb-row-layout-id259_db7573-df > .kt-row-column-wrap{column-gap:var(--global-kb-gap-md, 2rem);row-gap:var(--global-kb-gap-md, 2rem);padding-top:60px;padding-right:25px;padding-bottom:80px;padding-left:25px;grid-template-columns:minmax(0, 1fr);}.kb-row-layout-id259_db7573-df > .kt-row-layout-overlay{opacity:0.30;}.kb-row-layout-id259_db7573-df .kt-row-layout-bottom-sep{height:100px;}.kb-row-layout-id259_db7573-df .kt-row-layout-bottom-sep svg{width:100%;}.kb-row-layout-id259_db7573-df .kt-row-layout-bottom-sep svg{fill:#ffffff!important;}@media all and (max-width: 1024px){.kb-row-layout-id259_db7573-df > .kt-row-column-wrap{grid-template-columns:minmax(0, 1fr);}}@media all and (max-width: 1024px){.kb-row-layout-id259_db7573-df .kt-row-layout-bottom-sep{height:px;}}@media all and (max-width: 1024px){.kb-row-layout-id259_db7573-df .kt-row-layout-bottom-sep svg{width:%;}}@media all and (max-width: 767px){.kb-row-layout-id259_db7573-df > .kt-row-column-wrap{grid-template-columns:minmax(0, 1fr);}.kb-row-layout-id259_db7573-df .kt-row-layout-bottom-sep{height:px;}.kb-row-layout-id259_db7573-df .kt-row-layout-bottom-sep svg{width:%;}}<\/style><div class=\"kb-row-layout-wrap kb-row-layout-id259_db7573-df alignnone has-theme-palette8-background-color kt-row-has-bg wp-block-kadence-rowlayout\"><div class=\"kt-row-column-wrap kt-has-1-columns kt-row-layout-equal kt-tab-layout-inherit kt-mobile-layout-row kt-row-valign-top\">\n<style>.kadence-column259_cc7c9f-ed > .kt-inside-inner-col,.kadence-column259_cc7c9f-ed > .kt-inside-inner-col:before{border-top-left-radius:0px;border-top-right-radius:0px;border-bottom-right-radius:0px;border-bottom-left-radius:0px;}.kadence-column259_cc7c9f-ed > .kt-inside-inner-col{column-gap:var(--global-kb-gap-sm, 1rem);}.kadence-column259_cc7c9f-ed > .kt-inside-inner-col{flex-direction:column;}.kadence-column259_cc7c9f-ed > .kt-inside-inner-col > .aligncenter{width:100%;}.kadence-column259_cc7c9f-ed > .kt-inside-inner-col:before{opacity:0.3;}.kadence-column259_cc7c9f-ed{position:relative;}@media all and (max-width: 1024px){.kadence-column259_cc7c9f-ed > .kt-inside-inner-col{flex-direction:column;justify-content:center;}}@media all and (max-width: 767px){.kadence-column259_cc7c9f-ed > .kt-inside-inner-col{flex-direction:column;justify-content:center;}}<\/style>\n<div class=\"wp-block-kadence-column kadence-column259_cc7c9f-ed inner-column-1\"><div class=\"kt-inside-inner-col\"><style>.kb-row-layout-id259_3273f6-a2 > .kt-row-column-wrap{align-content:center;}:where(.kb-row-layout-id259_3273f6-a2 > .kt-row-column-wrap) > .wp-block-kadence-column{justify-content:center;}.kb-row-layout-id259_3273f6-a2 > .kt-row-column-wrap{column-gap:80px;row-gap:40px;max-width:var( --global-content-width, 1290px );padding-left:var(--global-content-edge-padding);padding-right:var(--global-content-edge-padding);padding-top:0px;padding-right:0px;padding-bottom:0px;padding-left:0px;grid-template-columns:repeat(6, minmax(0, 1fr));}.kb-row-layout-id259_3273f6-a2 > .kt-row-layout-overlay{opacity:0.30;}@media all and (max-width: 1024px){.kb-row-layout-id259_3273f6-a2 > .kt-row-column-wrap{grid-template-columns:repeat(3, minmax(0, 1fr));}}@media all and (max-width: 767px){.kb-row-layout-id259_3273f6-a2 > .kt-row-column-wrap{grid-template-columns:repeat(2, minmax(0, 1fr));}}<\/style><div class=\"kb-row-layout-wrap kb-row-layout-id259_3273f6-a2 alignnone wp-block-kadence-rowlayout\"><div class=\"kt-row-column-wrap kt-has-6-columns kt-row-layout-equal kt-tab-layout-three-grid kt-mobile-layout-two-grid kt-row-valign-middle kb-theme-content-width\">\n<style>.kadence-column259_afd2fb-60 > .kt-inside-inner-col,.kadence-column259_afd2fb-60 > .kt-inside-inner-col:before{border-top-left-radius:0px;border-top-right-radius:0px;border-bottom-right-radius:0px;border-bottom-left-radius:0px;}.kadence-column259_afd2fb-60 > .kt-inside-inner-col{column-gap:var(--global-kb-gap-sm, 1rem);}.kadence-column259_afd2fb-60 > .kt-inside-inner-col{flex-direction:column;}.kadence-column259_afd2fb-60 > .kt-inside-inner-col > .aligncenter{width:100%;}.kadence-column259_afd2fb-60 > .kt-inside-inner-col:before{opacity:0.3;}.kadence-column259_afd2fb-60{text-align:center;}.kadence-column259_afd2fb-60{position:relative;}@media all and (max-width: 1024px){.kadence-column259_afd2fb-60 > .kt-inside-inner-col{flex-direction:column;justify-content:center;}}@media all and (max-width: 767px){.kadence-column259_afd2fb-60 > .kt-inside-inner-col{flex-direction:column;justify-content:center;}.kadence-column259_afd2fb-60, .kt-inside-inner-col > .kadence-column259_afd2fb-60:not(.specificity){margin-bottom:30px;}}<\/style>\n<div class=\"wp-block-kadence-column kadence-column259_afd2fb-60 inner-column-1\"><div class=\"kt-inside-inner-col\">\n<figure class=\"wp-block-gallery has-nested-images columns-default is-cropped wp-block-gallery-1 is-layout-flex wp-block-gallery-is-layout-flex\">\n<figure class=\"wp-block-image size-full\"><img loading=\"lazy\" decoding=\"async\" width=\"215\" height=\"150\" data-id=\"1175\" src=\"https:\/\/www.cefip.de\/wp-content\/uploads\/2025\/02\/56.png\" alt=\"\" class=\"wp-image-1175\"\/><\/figure>\n<\/figure>\n<\/div><\/div>\n\n\n<style>.kadence-column259_dd84e4-59 > .kt-inside-inner-col,.kadence-column259_dd84e4-59 > .kt-inside-inner-col:before{border-top-left-radius:0px;border-top-right-radius:0px;border-bottom-right-radius:0px;border-bottom-left-radius:0px;}.kadence-column259_dd84e4-59 > .kt-inside-inner-col{column-gap:var(--global-kb-gap-sm, 1rem);}.kadence-column259_dd84e4-59 > .kt-inside-inner-col{flex-direction:column;}.kadence-column259_dd84e4-59 > .kt-inside-inner-col > .aligncenter{width:100%;}.kadence-column259_dd84e4-59 > .kt-inside-inner-col:before{opacity:0.3;}.kadence-column259_dd84e4-59{text-align:center;}.kadence-column259_dd84e4-59{position:relative;}@media all and (max-width: 1024px){.kadence-column259_dd84e4-59 > .kt-inside-inner-col{flex-direction:column;justify-content:center;}}@media all and (max-width: 767px){.kadence-column259_dd84e4-59 > .kt-inside-inner-col{flex-direction:column;justify-content:center;}.kadence-column259_dd84e4-59, .kt-inside-inner-col > .kadence-column259_dd84e4-59:not(.specificity){margin-bottom:30px;}}<\/style>\n<div class=\"wp-block-kadence-column kadence-column259_dd84e4-59 inner-column-2\"><div class=\"kt-inside-inner-col\"><div class=\"wp-block-image\">\n<figure class=\"aligncenter size-full\"><img loading=\"lazy\" decoding=\"async\" width=\"215\" height=\"150\" src=\"https:\/\/www.cefip.de\/wp-content\/uploads\/2025\/02\/127.png\" alt=\"\" class=\"wp-image-1174\"\/><\/figure><\/div><\/div><\/div>\n\n\n<style>.kadence-column259_fe16f6-c9 > .kt-inside-inner-col,.kadence-column259_fe16f6-c9 > .kt-inside-inner-col:before{border-top-left-radius:0px;border-top-right-radius:0px;border-bottom-right-radius:0px;border-bottom-left-radius:0px;}.kadence-column259_fe16f6-c9 > .kt-inside-inner-col{column-gap:var(--global-kb-gap-sm, 1rem);}.kadence-column259_fe16f6-c9 > .kt-inside-inner-col{flex-direction:column;}.kadence-column259_fe16f6-c9 > .kt-inside-inner-col > .aligncenter{width:100%;}.kadence-column259_fe16f6-c9 > .kt-inside-inner-col:before{opacity:0.3;}.kadence-column259_fe16f6-c9{text-align:center;}.kadence-column259_fe16f6-c9{position:relative;}@media all and (max-width: 1024px){.kadence-column259_fe16f6-c9 > .kt-inside-inner-col{flex-direction:column;justify-content:center;}}@media all and (max-width: 767px){.kadence-column259_fe16f6-c9 > .kt-inside-inner-col{flex-direction:column;justify-content:center;}.kadence-column259_fe16f6-c9, .kt-inside-inner-col > .kadence-column259_fe16f6-c9:not(.specificity){margin-bottom:30px;}}<\/style>\n<div class=\"wp-block-kadence-column kadence-column259_fe16f6-c9 inner-column-3\"><div class=\"kt-inside-inner-col\"><div class=\"wp-block-image\">\n<figure class=\"aligncenter size-full\"><img loading=\"lazy\" decoding=\"async\" width=\"215\" height=\"150\" src=\"https:\/\/www.cefip.de\/wp-content\/uploads\/2025\/02\/55-1.png\" alt=\"\" class=\"wp-image-1172\"\/><\/figure><\/div><\/div><\/div>\n\n\n<style>.kadence-column259_f9d8bb-ed > .kt-inside-inner-col,.kadence-column259_f9d8bb-ed > .kt-inside-inner-col:before{border-top-left-radius:0px;border-top-right-radius:0px;border-bottom-right-radius:0px;border-bottom-left-radius:0px;}.kadence-column259_f9d8bb-ed > .kt-inside-inner-col{column-gap:var(--global-kb-gap-sm, 1rem);}.kadence-column259_f9d8bb-ed > .kt-inside-inner-col{flex-direction:column;}.kadence-column259_f9d8bb-ed > .kt-inside-inner-col > .aligncenter{width:100%;}.kadence-column259_f9d8bb-ed > .kt-inside-inner-col:before{opacity:0.3;}.kadence-column259_f9d8bb-ed{text-align:center;}.kadence-column259_f9d8bb-ed{position:relative;}@media all and (max-width: 1024px){.kadence-column259_f9d8bb-ed > .kt-inside-inner-col{flex-direction:column;justify-content:center;}}@media all and (max-width: 767px){.kadence-column259_f9d8bb-ed > .kt-inside-inner-col{flex-direction:column;justify-content:center;}.kadence-column259_f9d8bb-ed, .kt-inside-inner-col > .kadence-column259_f9d8bb-ed:not(.specificity){margin-bottom:30px;}}<\/style>\n<div class=\"wp-block-kadence-column kadence-column259_f9d8bb-ed inner-column-4\"><div class=\"kt-inside-inner-col\"><div class=\"wp-block-image\">\n<figure class=\"aligncenter size-full\"><img loading=\"lazy\" decoding=\"async\" width=\"215\" height=\"150\" src=\"https:\/\/www.cefip.de\/wp-content\/uploads\/2025\/02\/46-1.png\" alt=\"\" class=\"wp-image-1090\"\/><\/figure><\/div><\/div><\/div>\n\n\n<style>.kadence-column259_278e67-c7 > .kt-inside-inner-col,.kadence-column259_278e67-c7 > .kt-inside-inner-col:before{border-top-left-radius:0px;border-top-right-radius:0px;border-bottom-right-radius:0px;border-bottom-left-radius:0px;}.kadence-column259_278e67-c7 > .kt-inside-inner-col{column-gap:var(--global-kb-gap-sm, 1rem);}.kadence-column259_278e67-c7 > .kt-inside-inner-col{flex-direction:column;}.kadence-column259_278e67-c7 > .kt-inside-inner-col > .aligncenter{width:100%;}.kadence-column259_278e67-c7 > .kt-inside-inner-col:before{opacity:0.3;}.kadence-column259_278e67-c7{text-align:center;}.kadence-column259_278e67-c7{position:relative;}@media all and (max-width: 1024px){.kadence-column259_278e67-c7 > .kt-inside-inner-col{flex-direction:column;justify-content:center;}}@media all and (max-width: 767px){.kadence-column259_278e67-c7 > .kt-inside-inner-col{flex-direction:column;justify-content:center;}.kadence-column259_278e67-c7, .kt-inside-inner-col > .kadence-column259_278e67-c7:not(.specificity){margin-bottom:30px;}}<\/style>\n<div class=\"wp-block-kadence-column kadence-column259_278e67-c7 inner-column-5\"><div class=\"kt-inside-inner-col\"><div class=\"wp-block-image\">\n<figure class=\"aligncenter size-full\"><img loading=\"lazy\" decoding=\"async\" width=\"215\" height=\"150\" src=\"https:\/\/www.cefip.de\/wp-content\/uploads\/2025\/02\/99-2.png\" alt=\"\" class=\"wp-image-1176\"\/><\/figure><\/div><\/div><\/div>\n\n\n<style>.kadence-column259_416382-e3 > .kt-inside-inner-col,.kadence-column259_416382-e3 > .kt-inside-inner-col:before{border-top-left-radius:0px;border-top-right-radius:0px;border-bottom-right-radius:0px;border-bottom-left-radius:0px;}.kadence-column259_416382-e3 > .kt-inside-inner-col{column-gap:var(--global-kb-gap-sm, 1rem);}.kadence-column259_416382-e3 > .kt-inside-inner-col{flex-direction:column;}.kadence-column259_416382-e3 > .kt-inside-inner-col > .aligncenter{width:100%;}.kadence-column259_416382-e3 > .kt-inside-inner-col:before{opacity:0.3;}.kadence-column259_416382-e3{text-align:center;}.kadence-column259_416382-e3{position:relative;}@media all and (max-width: 1024px){.kadence-column259_416382-e3 > .kt-inside-inner-col{flex-direction:column;justify-content:center;}}@media all and (max-width: 767px){.kadence-column259_416382-e3 > .kt-inside-inner-col{flex-direction:column;justify-content:center;}.kadence-column259_416382-e3, .kt-inside-inner-col > .kadence-column259_416382-e3:not(.specificity){margin-bottom:30px;}}<\/style>\n<div class=\"wp-block-kadence-column kadence-column259_416382-e3 inner-column-6\"><div class=\"kt-inside-inner-col\"><div class=\"wp-block-image\">\n<figure class=\"aligncenter size-full\"><img loading=\"lazy\" decoding=\"async\" width=\"215\" height=\"150\" src=\"https:\/\/www.cefip.de\/wp-content\/uploads\/2025\/02\/47.png\" alt=\"\" class=\"wp-image-1093\"\/><\/figure><\/div><\/div><\/div>\n\n<\/div><\/div><\/div><\/div>\n\n<\/div><\/div>","protected":false},"excerpt":{"rendered":"<p>Unternehmen Vision: Lieferant f\u00fcr Fertigungsexzellenz in Schwellenm\u00e4rkten Als bevorzugter Partner f\u00fcr fortgeschrittene Technologien wollen wir Kunden in aufstrebenden M\u00e4rkten dabei unterst\u00fctzen, ausgezeichnete Fertigungsqualit\u00e4t zu erreichen. Mission: Zugang zu fortschrittlicher Technologie Unsere Mission ist deshalb klar: Mit den Kernkompetenzen im Engineering, Export und Service verstehen wir uns als technisches Vertriebsunternehmen, das seinen Kunden unabh\u00e4ngig von globalen&#8230;<\/p>\n","protected":false},"author":1,"featured_media":0,"parent":0,"menu_order":0,"comment_status":"closed","ping_status":"closed","template":"","meta":{"_themeisle_gutenberg_block_has_review":false,"_kadence_starter_templates_imported_post":true,"_kad_post_transparent":"","_kad_post_title":"hide","_kad_post_layout":"fullwidth","_kad_post_sidebar_id":"","_kad_post_content_style":"","_kad_post_vertical_padding":"","_kad_post_feature":"","_kad_post_feature_position":"","_kad_post_header":false,"_kad_post_footer":false,"footnotes":""},"class_list":["post-259","page","type-page","status-publish","hentry"],"_links":{"self":[{"href":"https:\/\/www.cefip.de\/de\/wp-json\/wp\/v2\/pages\/259","targetHints":{"allow":["GET"]}}],"collection":[{"href":"https:\/\/www.cefip.de\/de\/wp-json\/wp\/v2\/pages"}],"about":[{"href":"https:\/\/www.cefip.de\/de\/wp-json\/wp\/v2\/types\/page"}],"author":[{"embeddable":true,"href":"https:\/\/www.cefip.de\/de\/wp-json\/wp\/v2\/users\/1"}],"replies":[{"embeddable":true,"href":"https:\/\/www.cefip.de\/de\/wp-json\/wp\/v2\/comments?post=259"}],"version-history":[{"count":20,"href":"https:\/\/www.cefip.de\/de\/wp-json\/wp\/v2\/pages\/259\/revisions"}],"predecessor-version":[{"id":1184,"href":"https:\/\/www.cefip.de\/de\/wp-json\/wp\/v2\/pages\/259\/revisions\/1184"}],"wp:attachment":[{"href":"https:\/\/www.cefip.de\/de\/wp-json\/wp\/v2\/media?parent=259"}],"curies":[{"name":"wp","href":"https:\/\/api.w.org\/{rel}","templated":true}]}}