{"id":423,"date":"2021-02-12T10:18:40","date_gmt":"2021-02-12T10:18:40","guid":{"rendered":"https:\/\/demosites.io\/neve-3\/?page_id=7"},"modified":"2025-04-12T00:37:49","modified_gmt":"2025-04-11T22:37:49","slug":"7b3c2-typography","status":"publish","type":"page","link":"https:\/\/www.cefip.de\/de\/7b3c2-typography\/","title":{"rendered":"Jobs"},"content":{"rendered":"<style>.kb-row-layout-id423_3cbb09-db > .kt-row-column-wrap{align-content:start;}:where(.kb-row-layout-id423_3cbb09-db > .kt-row-column-wrap) > .wp-block-kadence-column{justify-content:start;}.kb-row-layout-id423_3cbb09-db > .kt-row-column-wrap{column-gap:var(--global-kb-gap-md, 2rem);row-gap:var(--global-kb-gap-md, 2rem);padding-top:120px;padding-right:25px;padding-bottom:110px;padding-left:25px;min-height:320px;grid-template-columns:minmax(0, 1fr);}.kb-row-layout-id423_3cbb09-db > .kt-row-layout-overlay{opacity:1;background:linear-gradient(90deg, var(--global-palette1) 12%, var(--global-palette2) 100%);}.kb-row-layout-id423_3cbb09-db .kt-row-layout-bottom-sep{height:100px;}.kb-row-layout-id423_3cbb09-db .kt-row-layout-bottom-sep svg{width:100%;}.kb-row-layout-id423_3cbb09-db .kt-row-layout-bottom-sep svg{fill:var(--global-palette9, #ffffff)!important;}@media all and (max-width: 1024px){.kb-row-layout-id423_3cbb09-db > .kt-row-column-wrap{grid-template-columns:minmax(0, 1fr);}}@media all and (max-width: 1024px){.kb-row-layout-id423_3cbb09-db .kt-row-layout-bottom-sep{height:px;}}@media all and (max-width: 1024px){.kb-row-layout-id423_3cbb09-db .kt-row-layout-bottom-sep svg{width:%;}}@media all and (max-width: 767px){.kb-row-layout-id423_3cbb09-db > .kt-row-column-wrap{grid-template-columns:minmax(0, 1fr);}.kb-row-layout-id423_3cbb09-db .kt-row-layout-bottom-sep{height:px;}.kb-row-layout-id423_3cbb09-db .kt-row-layout-bottom-sep svg{width:%;}}<\/style><div class=\"kb-row-layout-wrap kb-row-layout-id423_3cbb09-db alignnone kt-row-has-bg wp-block-kadence-rowlayout\"><div class=\"kt-row-layout-overlay kt-row-overlay-gradient\"><\/div><div class=\"kt-row-layout-bottom-sep kt-row-sep-type-mtns\"><svg viewBox=\"0 0 1000 100\" preserveAspectRatio=\"none\"><path d=\"M1000,50l-182.69,-45.286l-292.031,61.197l-190.875,-41.075l-143.748,28.794l-190.656,-23.63l0,70l1000,0l0,-50Z\" style=\"opacity: 0.4\" \/><path d=\"M1000,57l-152.781,-22.589l-214.383,19.81l-159.318,-21.471l-177.44,25.875l-192.722,5.627l-103.356,-27.275l0,63.023l1000,0l0,-43Z\" \/><\/svg><\/div><div class=\"kt-row-column-wrap kt-has-1-columns kt-row-layout-equal kt-tab-layout-inherit kt-mobile-layout-row kt-row-valign-top\">\n<style>.kadence-column423_cd93f4-4a > .kt-inside-inner-col,.kadence-column423_cd93f4-4a > .kt-inside-inner-col:before{border-top-left-radius:0px;border-top-right-radius:0px;border-bottom-right-radius:0px;border-bottom-left-radius:0px;}.kadence-column423_cd93f4-4a > .kt-inside-inner-col{column-gap:var(--global-kb-gap-sm, 1rem);}.kadence-column423_cd93f4-4a > .kt-inside-inner-col{flex-direction:column;}.kadence-column423_cd93f4-4a > .kt-inside-inner-col > .aligncenter{width:100%;}.kadence-column423_cd93f4-4a > .kt-inside-inner-col:before{opacity:0.3;}.kadence-column423_cd93f4-4a{position:relative;}@media all and (max-width: 1024px){.kadence-column423_cd93f4-4a > .kt-inside-inner-col{flex-direction:column;justify-content:center;}}@media all and (max-width: 767px){.kadence-column423_cd93f4-4a > .kt-inside-inner-col{flex-direction:column;justify-content:center;}}<\/style>\n<div class=\"wp-block-kadence-column kadence-column423_cd93f4-4a inner-column-1\"><div class=\"kt-inside-inner-col\"><style>.wp-block-kadence-advancedheading.kt-adv-heading423_21daea-df, .wp-block-kadence-advancedheading.kt-adv-heading423_21daea-df[data-kb-block=\"kb-adv-heading423_21daea-df\"]{text-align:center;font-size:60px;font-weight:normal;font-style:normal;color:#ffffff;text-shadow:1px 1px 1px rgba(0, 0, 0, 0.2);}.wp-block-kadence-advancedheading.kt-adv-heading423_21daea-df mark.kt-highlight, .wp-block-kadence-advancedheading.kt-adv-heading423_21daea-df[data-kb-block=\"kb-adv-heading423_21daea-df\"] mark.kt-highlight{font-weight:normal;font-style:normal;color:#f76a0c;-webkit-box-decoration-break:clone;box-decoration-break:clone;padding-top:0px;padding-right:0px;padding-bottom:0px;padding-left:0px;}@media all and (max-width: 1024px){.wp-block-kadence-advancedheading.kt-adv-heading423_21daea-df, .wp-block-kadence-advancedheading.kt-adv-heading423_21daea-df[data-kb-block=\"kb-adv-heading423_21daea-df\"]{text-shadow:1px 1px 1px rgba(0, 0, 0, 0.2);font-size:50px;}}@media all and (max-width: 767px){.wp-block-kadence-advancedheading.kt-adv-heading423_21daea-df, .wp-block-kadence-advancedheading.kt-adv-heading423_21daea-df[data-kb-block=\"kb-adv-heading423_21daea-df\"]{text-shadow:1px 1px 1px rgba(0, 0, 0, 0.2);font-size:40px;}}<\/style>\n<h1 class=\"kt-adv-heading423_21daea-df wp-block-kadence-advancedheading\" data-kb-block=\"kb-adv-heading423_21daea-df\">Jobs<\/h1>\n<\/div><\/div>\n\n<\/div><\/div>\n\n<style>.wp-block-kadence-column.kb-section-dir-horizontal > .kt-inside-inner-col > .kt-info-box423_a156a0-cf{max-width:800px;}.wp-block-kadence-column.kb-section-dir-horizontal > .kt-inside-inner-col > .kt-info-box423_a156a0-cf .kt-blocks-info-box-link-wrap{max-width:unset;}.kt-info-box423_a156a0-cf .kt-blocks-info-box-link-wrap{border-top:5px solid var(--global-palette7, #eeeeee);border-right:5px solid var(--global-palette7, #eeeeee);border-bottom:5px solid var(--global-palette7, #eeeeee);border-left:5px solid var(--global-palette7, #eeeeee);border-top-left-radius:30px;border-top-right-radius:30px;border-bottom-right-radius:30px;border-bottom-left-radius:30px;background:#ffffff;max-width:800px;padding-top:var(--global-kb-spacing-xs, 1rem);padding-right:var(--global-kb-spacing-xs, 1rem);padding-bottom:var(--global-kb-spacing-xs, 1rem);padding-left:var(--global-kb-spacing-xs, 1rem);}.kt-info-box423_a156a0-cf .kadence-info-box-icon-container .kt-info-svg-icon, .kt-info-box423_a156a0-cf .kt-info-svg-icon-flip, .kt-info-box423_a156a0-cf .kt-blocks-info-box-number{font-size:50px;}.kt-info-box423_a156a0-cf .kt-blocks-info-box-media{border-color:var(--global-palette7, #eeeeee);border-radius:200px;overflow:hidden;border-top-width:0px;border-right-width:0px;border-bottom-width:0px;border-left-width:0px;padding-top:20px;padding-right:20px;padding-bottom:20px;padding-left:20px;margin-top:0px;margin-right:20px;margin-bottom:0px;margin-left:0px;}.kt-info-box423_a156a0-cf .kt-blocks-info-box-media .kadence-info-box-image-intrisic img{border-radius:200px;}.kt-info-box423_a156a0-cf .kt-infobox-textcontent h2.kt-blocks-info-box-title{padding-top:0px;padding-right:0px;padding-bottom:0px;padding-left:0px;margin-top:5px;margin-right:0px;margin-bottom:10px;margin-left:0px;}.kt-info-box423_a156a0-cf .kt-blocks-info-box-learnmore{background:transparent;border-width:0px 0px 0px 0px;padding-top:4px;padding-right:8px;padding-bottom:4px;padding-left:8px;margin-top:10px;margin-right:0px;margin-bottom:10px;margin-left:0px;}@media all and (max-width: 1024px){.kt-info-box423_a156a0-cf .kt-blocks-info-box-link-wrap{border-top:5px solid var(--global-palette7, #eeeeee);border-right:5px solid var(--global-palette7, #eeeeee);border-bottom:5px solid var(--global-palette7, #eeeeee);border-left:5px solid var(--global-palette7, #eeeeee);}}@media all and (max-width: 767px){.kt-info-box423_a156a0-cf .kt-blocks-info-box-link-wrap{border-top:5px solid var(--global-palette7, #eeeeee);border-right:5px solid var(--global-palette7, #eeeeee);border-bottom:5px solid var(--global-palette7, #eeeeee);border-left:5px solid var(--global-palette7, #eeeeee);}}<\/style>\n<div class=\"wp-block-kadence-infobox kt-info-box423_a156a0-cf\"><span class=\"kt-blocks-info-box-link-wrap info-box-link kt-blocks-info-box-media-align-left kt-info-halign-left\"><div class=\"kt-blocks-info-box-media-container\"><div class=\"kt-blocks-info-box-media kt-info-media-animate-none\"><div class=\"kadence-info-box-icon-container kt-info-icon-animate-none\"><div class=\"kadence-info-box-icon-inner-container\"><span class=\"kb-svg-icon-wrap kb-svg-icon-fe_award kt-info-svg-icon\"><svg viewBox=\"0 0 24 24\"  fill=\"none\" stroke=\"currentColor\" stroke-width=\"2\" stroke-linecap=\"round\" stroke-linejoin=\"round\" xmlns=\"http:\/\/www.w3.org\/2000\/svg\"  aria-hidden=\"true\"><circle cx=\"12\" cy=\"8\" r=\"7\"\/><polyline points=\"8.21 13.89 7 23 12 20 17 23 15.79 13.88\"\/><\/svg><\/span><\/div><\/div><\/div><\/div><div class=\"kt-infobox-textcontent\"><h2 class=\"kt-blocks-info-box-title\">Aktuelle Stellenanzeigen<\/h2><p class=\"kt-blocks-info-box-text\">Wir sind regelm\u00e4\u00dfig auf der Suche nach passender Verst\u00e4rkung f\u00fcr unser Team. Hier finden sie eine Auswahl der offenen Stellen in unserem Unternehmen. Unser Angebot hat Ihr Interesse geweckt? Dann freuen wir uns auf Ihre vollst\u00e4ndigen Bewerbungsunterlagen per E-Mail an karriere@cefip.de.<\/p><\/div><\/span><\/div>\n\n\n\n<p><\/p>\n","protected":false},"excerpt":{"rendered":"<p>Jobs<\/p>\n","protected":false},"author":1,"featured_media":0,"parent":0,"menu_order":0,"comment_status":"closed","ping_status":"closed","template":"","meta":{"_themeisle_gutenberg_block_has_review":false,"_kadence_starter_templates_imported_post":false,"_kad_post_transparent":"default","_kad_post_title":"hide","_kad_post_layout":"","_kad_post_sidebar_id":"","_kad_post_content_style":"","_kad_post_vertical_padding":"hide","_kad_post_feature":"","_kad_post_feature_position":"","_kad_post_header":false,"_kad_post_footer":false,"footnotes":""},"class_list":["post-423","page","type-page","status-publish","hentry"],"_links":{"self":[{"href":"https:\/\/www.cefip.de\/de\/wp-json\/wp\/v2\/pages\/423","targetHints":{"allow":["GET"]}}],"collection":[{"href":"https:\/\/www.cefip.de\/de\/wp-json\/wp\/v2\/pages"}],"about":[{"href":"https:\/\/www.cefip.de\/de\/wp-json\/wp\/v2\/types\/page"}],"author":[{"embeddable":true,"href":"https:\/\/www.cefip.de\/de\/wp-json\/wp\/v2\/users\/1"}],"replies":[{"embeddable":true,"href":"https:\/\/www.cefip.de\/de\/wp-json\/wp\/v2\/comments?post=423"}],"version-history":[{"count":14,"href":"https:\/\/www.cefip.de\/de\/wp-json\/wp\/v2\/pages\/423\/revisions"}],"predecessor-version":[{"id":1230,"href":"https:\/\/www.cefip.de\/de\/wp-json\/wp\/v2\/pages\/423\/revisions\/1230"}],"wp:attachment":[{"href":"https:\/\/www.cefip.de\/de\/wp-json\/wp\/v2\/media?parent=423"}],"curies":[{"name":"wp","href":"https:\/\/api.w.org\/{rel}","templated":true}]}}